{"id":245,"date":"2024-02-21T13:42:15","date_gmt":"2024-02-21T13:42:15","guid":{"rendered":"https:\/\/essj.saintjude.online\/?page_id=245"},"modified":"2024-06-05T07:07:10","modified_gmt":"2024-06-05T07:07:10","slug":"portails","status":"publish","type":"page","link":"https:\/\/essj.saintjude.online\/?page_id=245","title":{"rendered":"Portails"},"content":{"rendered":"\t\t<div data-elementor-type=\"wp-page\" data-elementor-id=\"245\" class=\"elementor elementor-245\" data-elementor-settings=\"{&quot;ha_cmc_init_switcher&quot;:&quot;no&quot;}\">\n\t\t\t\t<div class=\"elementor-element elementor-element-115f50e e-flex e-con-boxed e-con e-parent\" data-id=\"115f50e\" data-element_type=\"container\" data-settings=\"{&quot;_ha_eqh_enable&quot;:false}\">\n\t\t\t\t\t<div class=\"e-con-inner\">\n\t\t\t\t<div class=\"elementor-element elementor-element-8e2615d elementor-widget elementor-widget-heading\" data-id=\"8e2615d\" data-element_type=\"widget\" data-widget_type=\"heading.default\">\n\t\t\t\t<div class=\"elementor-widget-container\">\n\t\t\t\t\t<h2 class=\"elementor-heading-title elementor-size-default\">Portails<\/h2>\t\t\t\t<\/div>\n\t\t\t\t<\/div>\n\t\t\t\t<div class=\"elementor-element elementor-element-03c4ed6 elementor-widget elementor-widget-text-editor\" data-id=\"03c4ed6\" data-element_type=\"widget\" data-widget_type=\"text-editor.default\">\n\t\t\t\t<div class=\"elementor-widget-container\">\n\t\t\t\t\t\t\t\t\t<p>Bienvenue sur notre page d\u00e9di\u00e9e aux <strong>Portails<\/strong> de l<strong>&lsquo;ESSJ<\/strong>. Ici, vous trouverez un acc\u00e8s centralis\u00e9 \u00e0 tous nos portails en ligne, con\u00e7us pour faciliter vos d\u00e9marches, vous informer et vous accompagner dans votre parcours. Explorez nos diff\u00e9rentes plateformes pour d\u00e9couvrir les ressources et outils \u00e0 votre disposition, que vous soyez \u00e9tudiant, enseignant, ou partenaire.<\/p>\t\t\t\t\t\t\t\t<\/div>\n\t\t\t\t<\/div>\n\t\t\t\t\t<\/div>\n\t\t\t\t<\/div>\n\t\t<div class=\"elementor-element elementor-element-7950361 e-flex e-con-boxed e-con e-parent\" data-id=\"7950361\" data-element_type=\"container\" data-settings=\"{&quot;_ha_eqh_enable&quot;:false}\">\n\t\t\t\t\t<div class=\"e-con-inner\">\n\t\t<div class=\"elementor-element elementor-element-857c1c8 e-flex e-con-boxed e-con e-child\" data-id=\"857c1c8\" data-element_type=\"container\" data-settings=\"{&quot;background_background&quot;:&quot;classic&quot;,&quot;_ha_eqh_enable&quot;:false}\">\n\t\t\t\t\t<div class=\"e-con-inner\">\n\t\t<div class=\"elementor-element elementor-element-80421e9 e-con-full e-flex e-con e-child\" data-id=\"80421e9\" data-element_type=\"container\" data-settings=\"{&quot;_ha_eqh_enable&quot;:false}\">\n\t\t\t\t<div class=\"elementor-element elementor-element-4887bb5 elementor-align-center elementor-widget__width-initial elementor-widget elementor-widget-button\" data-id=\"4887bb5\" data-element_type=\"widget\" data-widget_type=\"button.default\">\n\t\t\t\t<div class=\"elementor-widget-container\">\n\t\t\t\t\t\t\t\t\t<div class=\"elementor-button-wrapper\">\n\t\t\t\t\t<a class=\"elementor-button elementor-button-link elementor-size-sm\" href=\"\">\n\t\t\t\t\t\t<span class=\"elementor-button-content-wrapper\">\n\t\t\t\t\t\t\t\t\t<span class=\"elementor-button-text\">Ecole Directe - BTS<\/span>\n\t\t\t\t\t<\/span>\n\t\t\t\t\t<\/a>\n\t\t\t\t<\/div>\n\t\t\t\t\t\t\t\t<\/div>\n\t\t\t\t<\/div>\n\t\t\t\t<div class=\"elementor-element elementor-element-be87cd8 elementor-widget elementor-widget-spacer\" data-id=\"be87cd8\" data-element_type=\"widget\" data-widget_type=\"spacer.default\">\n\t\t\t\t<div class=\"elementor-widget-container\">\n\t\t\t\t\t\t\t<div class=\"elementor-spacer\">\n\t\t\t<div class=\"elementor-spacer-inner\"><\/div>\n\t\t<\/div>\n\t\t\t\t\t\t<\/div>\n\t\t\t\t<\/div>\n\t\t\t\t<div class=\"elementor-element elementor-element-f045e8c elementor-align-center elementor-widget__width-initial elementor-widget elementor-widget-button\" data-id=\"f045e8c\" data-element_type=\"widget\" data-widget_type=\"button.default\">\n\t\t\t\t<div class=\"elementor-widget-container\">\n\t\t\t\t\t\t\t\t\t<div class=\"elementor-button-wrapper\">\n\t\t\t\t\t<a class=\"elementor-button elementor-button-link elementor-size-sm\" href=\"\">\n\t\t\t\t\t\t<span class=\"elementor-button-content-wrapper\">\n\t\t\t\t\t\t\t\t\t<span class=\"elementor-button-text\">Ypar\u00e9o - Licence et Mast\u00e8re Sp\u00e9cialis\u00e9<\/span>\n\t\t\t\t\t<\/span>\n\t\t\t\t\t<\/a>\n\t\t\t\t<\/div>\n\t\t\t\t\t\t\t\t<\/div>\n\t\t\t\t<\/div>\n\t\t\t\t<\/div>\n\t\t\t\t\t<\/div>\n\t\t\t\t<\/div>\n\t\t\t\t\t<\/div>\n\t\t\t\t<\/div>\n\t\t<div class=\"elementor-element elementor-element-4ba7ade e-flex e-con-boxed e-con e-parent\" data-id=\"4ba7ade\" data-element_type=\"container\" data-settings=\"{&quot;_ha_eqh_enable&quot;:false}\">\n\t\t\t\t\t<div class=\"e-con-inner\">\n\t\t<div class=\"elementor-element elementor-element-b1aae6c e-flex e-con-boxed e-con e-child\" data-id=\"b1aae6c\" data-element_type=\"container\" data-settings=\"{&quot;background_background&quot;:&quot;classic&quot;,&quot;_ha_eqh_enable&quot;:false}\">\n\t\t\t\t\t<div class=\"e-con-inner\">\n\t\t\t\t<div class=\"elementor-element elementor-element-47c805e elementor-widget elementor-widget-spacer\" data-id=\"47c805e\" data-element_type=\"widget\" data-widget_type=\"spacer.default\">\n\t\t\t\t<div class=\"elementor-widget-container\">\n\t\t\t\t\t\t\t<div class=\"elementor-spacer\">\n\t\t\t<div class=\"elementor-spacer-inner\"><\/div>\n\t\t<\/div>\n\t\t\t\t\t\t<\/div>\n\t\t\t\t<\/div>\n\t\t\t\t<div class=\"elementor-element elementor-element-97f38bc elementor-align-center elementor-widget elementor-widget-button\" data-id=\"97f38bc\" data-element_type=\"widget\" data-widget_type=\"button.default\">\n\t\t\t\t<div class=\"elementor-widget-container\">\n\t\t\t\t\t\t\t\t\t<div class=\"elementor-button-wrapper\">\n\t\t\t\t\t<a class=\"elementor-button elementor-button-link elementor-size-sm\" href=\"\">\n\t\t\t\t\t\t<span class=\"elementor-button-content-wrapper\">\n\t\t\t\t\t\t\t\t\t<span class=\"elementor-button-text\">Campus Num\u00e9rique - Licence Pro. E-Commerce et Marketing Num\u00e9rique<\/span>\n\t\t\t\t\t<\/span>\n\t\t\t\t\t<\/a>\n\t\t\t\t<\/div>\n\t\t\t\t\t\t\t\t<\/div>\n\t\t\t\t<\/div>\n\t\t\t\t<div class=\"elementor-element elementor-element-9cea454 elementor-widget elementor-widget-spacer\" data-id=\"9cea454\" data-element_type=\"widget\" data-widget_type=\"spacer.default\">\n\t\t\t\t<div class=\"elementor-widget-container\">\n\t\t\t\t\t\t\t<div class=\"elementor-spacer\">\n\t\t\t<div class=\"elementor-spacer-inner\"><\/div>\n\t\t<\/div>\n\t\t\t\t\t\t<\/div>\n\t\t\t\t<\/div>\n\t\t\t\t\t<\/div>\n\t\t\t\t<\/div>\n\t\t\t\t\t<\/div>\n\t\t\t\t<\/div>\n\t\t<div class=\"elementor-element elementor-element-d48a0f8 e-flex e-con-boxed e-con e-parent\" data-id=\"d48a0f8\" data-element_type=\"container\" data-settings=\"{&quot;background_background&quot;:&quot;classic&quot;,&quot;_ha_eqh_enable&quot;:false}\">\n\t\t\t\t\t<div class=\"e-con-inner\">\n\t\t<div class=\"elementor-element elementor-element-1b7f989 e-flex e-con-boxed e-con e-child\" data-id=\"1b7f989\" data-element_type=\"container\" data-settings=\"{&quot;background_background&quot;:&quot;classic&quot;,&quot;_ha_eqh_enable&quot;:false}\">\n\t\t\t\t\t<div class=\"e-con-inner\">\n\t\t\t\t<div class=\"elementor-element elementor-element-e6d370f elementor-view-default elementor-widget elementor-widget-icon\" data-id=\"e6d370f\" data-element_type=\"widget\" data-widget_type=\"icon.default\">\n\t\t\t\t<div class=\"elementor-widget-container\">\n\t\t\t\t\t\t\t<div class=\"elementor-icon-wrapper\">\n\t\t\t<div class=\"elementor-icon\">\n\t\t\t<svg aria-hidden=\"true\" class=\"e-font-icon-svg e-far-comments\" viewBox=\"0 0 576 512\" xmlns=\"http:\/\/www.w3.org\/2000\/svg\"><path d=\"M532 386.2c27.5-27.1 44-61.1 44-98.2 0-80-76.5-146.1-176.2-157.9C368.3 72.5 294.3 32 208 32 93.1 32 0 103.6 0 192c0 37 16.5 71 44 98.2-15.3 30.7-37.3 54.5-37.7 54.9-6.3 6.7-8.1 16.5-4.4 25 3.6 8.5 12 14 21.2 14 53.5 0 96.7-20.2 125.2-38.8 9.2 2.1 18.7 3.7 28.4 4.9C208.1 407.6 281.8 448 368 448c20.8 0 40.8-2.4 59.8-6.8C456.3 459.7 499.4 480 553 480c9.2 0 17.5-5.5 21.2-14 3.6-8.5 1.9-18.3-4.4-25-.4-.3-22.5-24.1-37.8-54.8zm-392.8-92.3L122.1 305c-14.1 9.1-28.5 16.3-43.1 21.4 2.7-4.7 5.4-9.7 8-14.8l15.5-31.1L77.7 256C64.2 242.6 48 220.7 48 192c0-60.7 73.3-112 160-112s160 51.3 160 112-73.3 112-160 112c-16.5 0-33-1.9-49-5.6l-19.8-4.5zM498.3 352l-24.7 24.4 15.5 31.1c2.6 5.1 5.3 10.1 8 14.8-14.6-5.1-29-12.3-43.1-21.4l-17.1-11.1-19.9 4.6c-16 3.7-32.5 5.6-49 5.6-54 0-102.2-20.1-131.3-49.7C338 339.5 416 272.9 416 192c0-3.4-.4-6.7-.7-10C479.7 196.5 528 238.8 528 288c0 28.7-16.2 50.6-29.7 64z\"><\/path><\/svg>\t\t\t<\/div>\n\t\t<\/div>\n\t\t\t\t\t\t<\/div>\n\t\t\t\t<\/div>\n\t\t\t\t<div class=\"elementor-element elementor-element-89ae82e elementor-widget elementor-widget-heading\" data-id=\"89ae82e\" data-element_type=\"widget\" data-widget_type=\"heading.default\">\n\t\t\t\t<div class=\"elementor-widget-container\">\n\t\t\t\t\t<h4 class=\"elementor-heading-title elementor-size-default\">Vous souhaitez \u00eatre accompagn\u00e9 dans votre projet ?<\/h4>\t\t\t\t<\/div>\n\t\t\t\t<\/div>\n\t\t\t\t<div class=\"elementor-element elementor-element-c50db15 elementor-align-center elementor-widget elementor-widget-button\" data-id=\"c50db15\" data-element_type=\"widget\" data-widget_type=\"button.default\">\n\t\t\t\t<div class=\"elementor-widget-container\">\n\t\t\t\t\t\t\t\t\t<div class=\"elementor-button-wrapper\">\n\t\t\t\t\t<a class=\"elementor-button elementor-button-link elementor-size-sm\" href=\"#%20essj.saintjude.online\/?page_id=267\">\n\t\t\t\t\t\t<span class=\"elementor-button-content-wrapper\">\n\t\t\t\t\t\t\t\t\t<span class=\"elementor-button-text\">Contactez-nous !<\/span>\n\t\t\t\t\t<\/span>\n\t\t\t\t\t<\/a>\n\t\t\t\t<\/div>\n\t\t\t\t\t\t\t\t<\/div>\n\t\t\t\t<\/div>\n\t\t\t\t\t<\/div>\n\t\t\t\t<\/div>\n\t\t\t\t\t<\/div>\n\t\t\t\t<\/div>\n\t\t\t\t<\/div>\n\t\t","protected":false},"excerpt":{"rendered":"<p>Portails Bienvenue sur notre page d\u00e9di\u00e9e aux Portails de l&lsquo;ESSJ. Ici, vous trouverez un acc\u00e8s centralis\u00e9 \u00e0 tous nos portails en ligne, con\u00e7us pour faciliter vos d\u00e9marches, vous informer et vous accompagner dans votre parcours. Explorez nos diff\u00e9rentes plateformes pour d\u00e9couvrir les ressources et outils \u00e0 votre disposition, que vous soyez \u00e9tudiant, enseignant, ou partenaire.&hellip;&nbsp;<a href=\"https:\/\/essj.saintjude.online\/?page_id=245\" class=\"\" rel=\"bookmark\">Lire la suite &raquo;<span class=\"screen-reader-text\">Portails<\/span><\/a><\/p>\n","protected":false},"author":1,"featured_media":0,"parent":0,"menu_order":0,"comment_status":"closed","ping_status":"closed","template":"page-templates\/template-pagebuilder-full-width.php","meta":{"neve_meta_sidebar":"","neve_meta_container":"","neve_meta_enable_content_width":"","neve_meta_content_width":0,"neve_meta_title_alignment":"","neve_meta_author_avatar":"","neve_post_elements_order":"","neve_meta_disable_header":"","neve_meta_disable_footer":"","neve_meta_disable_title":"","footnotes":""},"yoast_head":"<!-- This site is optimized with the Yoast SEO plugin v24.5 - https:\/\/yoast.com\/wordpress\/plugins\/seo\/ -->\n<title>Portails - Enseignement Sup\u00e9rieur Saint Jude<\/title>\n<meta name=\"description\" content=\"Portails essj bts, licence professionnel, mastere. Enseignement Sup\u00e9rieur Saint Jude - ESSJ \u00b7 contact.essj@saintjude.fr \u00b7 03 20 77 89 93.\" \/>\n<meta name=\"robots\" content=\"index, follow, max-snippet:-1, max-image-preview:large, max-video-preview:-1\" \/>\n<link rel=\"canonical\" href=\"https:\/\/essj.saintjude.online\/?page_id=245\" \/>\n<meta property=\"og:locale\" content=\"fr_FR\" \/>\n<meta property=\"og:type\" content=\"article\" \/>\n<meta property=\"og:title\" content=\"Portails - Enseignement Sup\u00e9rieur Saint Jude\" \/>\n<meta property=\"og:description\" content=\"Portails essj bts, licence professionnel, mastere. Enseignement Sup\u00e9rieur Saint Jude - ESSJ \u00b7 contact.essj@saintjude.fr \u00b7 03 20 77 89 93.\" \/>\n<meta property=\"og:url\" content=\"https:\/\/essj.saintjude.online\/?page_id=245\" \/>\n<meta property=\"og:site_name\" content=\"Enseignement Sup\u00e9rieur Saint Jude\" \/>\n<meta property=\"article:publisher\" content=\"https:\/\/www.facebook.com\/EnseignementSuperieurSaintJude.ESSJ\" \/>\n<meta property=\"article:modified_time\" content=\"2024-06-05T07:07:10+00:00\" \/>\n<meta name=\"twitter:card\" content=\"summary_large_image\" \/>\n<meta name=\"twitter:label1\" content=\"Dur\u00e9e de lecture estim\u00e9e\" \/>\n\t<meta name=\"twitter:data1\" content=\"1 minute\" \/>\n<script type=\"application\/ld+json\" class=\"yoast-schema-graph\">{\"@context\":\"https:\/\/schema.org\",\"@graph\":[{\"@type\":\"WebPage\",\"@id\":\"https:\/\/essj.saintjude.online\/?page_id=245\",\"url\":\"https:\/\/essj.saintjude.online\/?page_id=245\",\"name\":\"Portails - Enseignement Sup\u00e9rieur Saint Jude\",\"isPartOf\":{\"@id\":\"https:\/\/essj.saintjude.online\/#website\"},\"datePublished\":\"2024-02-21T13:42:15+00:00\",\"dateModified\":\"2024-06-05T07:07:10+00:00\",\"description\":\"Portails essj bts, licence professionnel, mastere. Enseignement Sup\u00e9rieur Saint Jude - ESSJ \u00b7 contact.essj@saintjude.fr \u00b7 03 20 77 89 93.\",\"breadcrumb\":{\"@id\":\"https:\/\/essj.saintjude.online\/?page_id=245#breadcrumb\"},\"inLanguage\":\"fr-FR\",\"potentialAction\":[{\"@type\":\"ReadAction\",\"target\":[\"https:\/\/essj.saintjude.online\/?page_id=245\"]}]},{\"@type\":\"BreadcrumbList\",\"@id\":\"https:\/\/essj.saintjude.online\/?page_id=245#breadcrumb\",\"itemListElement\":[{\"@type\":\"ListItem\",\"position\":1,\"name\":\"Accueil\",\"item\":\"https:\/\/essj.saintjude.online\/\"},{\"@type\":\"ListItem\",\"position\":2,\"name\":\"Portails\"}]},{\"@type\":\"WebSite\",\"@id\":\"https:\/\/essj.saintjude.online\/#website\",\"url\":\"https:\/\/essj.saintjude.online\/\",\"name\":\"Enseignement Sup\u00e9rieur Saint Jude\",\"description\":\"\",\"publisher\":{\"@id\":\"https:\/\/essj.saintjude.online\/#organization\"},\"potentialAction\":[{\"@type\":\"SearchAction\",\"target\":{\"@type\":\"EntryPoint\",\"urlTemplate\":\"https:\/\/essj.saintjude.online\/?s={search_term_string}\"},\"query-input\":{\"@type\":\"PropertyValueSpecification\",\"valueRequired\":true,\"valueName\":\"search_term_string\"}}],\"inLanguage\":\"fr-FR\"},{\"@type\":\"Organization\",\"@id\":\"https:\/\/essj.saintjude.online\/#organization\",\"name\":\"Enseignement Sup\u00e9rieur Saint Jude\",\"url\":\"https:\/\/essj.saintjude.online\/\",\"logo\":{\"@type\":\"ImageObject\",\"inLanguage\":\"fr-FR\",\"@id\":\"https:\/\/essj.saintjude.online\/#\/schema\/logo\/image\/\",\"url\":\"https:\/\/essj.saintjude.online\/wp-content\/uploads\/2024\/01\/telechargement.png\",\"contentUrl\":\"https:\/\/essj.saintjude.online\/wp-content\/uploads\/2024\/01\/telechargement.png\",\"width\":500,\"height\":500,\"caption\":\"Enseignement Sup\u00e9rieur Saint Jude\"},\"image\":{\"@id\":\"https:\/\/essj.saintjude.online\/#\/schema\/logo\/image\/\"},\"sameAs\":[\"https:\/\/www.facebook.com\/EnseignementSuperieurSaintJude.ESSJ\",\"https:\/\/fr.linkedin.com\/company\/enseignementsuperieursaintjudeessj\",\"https:\/\/www.instagram.com\/essjstj?igsh=eXYxZWJocTRybGFr\"]}]}<\/script>\n<!-- \/ Yoast SEO plugin. -->","yoast_head_json":{"title":"Portails - Enseignement Sup\u00e9rieur Saint Jude","description":"Portails essj bts, licence professionnel, mastere. Enseignement Sup\u00e9rieur Saint Jude - ESSJ \u00b7 contact.essj@saintjude.fr \u00b7 03 20 77 89 93.","robots":{"index":"index","follow":"follow","max-snippet":"max-snippet:-1","max-image-preview":"max-image-preview:large","max-video-preview":"max-video-preview:-1"},"canonical":"https:\/\/essj.saintjude.online\/?page_id=245","og_locale":"fr_FR","og_type":"article","og_title":"Portails - Enseignement Sup\u00e9rieur Saint Jude","og_description":"Portails essj bts, licence professionnel, mastere. Enseignement Sup\u00e9rieur Saint Jude - ESSJ \u00b7 contact.essj@saintjude.fr \u00b7 03 20 77 89 93.","og_url":"https:\/\/essj.saintjude.online\/?page_id=245","og_site_name":"Enseignement Sup\u00e9rieur Saint Jude","article_publisher":"https:\/\/www.facebook.com\/EnseignementSuperieurSaintJude.ESSJ","article_modified_time":"2024-06-05T07:07:10+00:00","twitter_card":"summary_large_image","twitter_misc":{"Dur\u00e9e de lecture estim\u00e9e":"1 minute"},"schema":{"@context":"https:\/\/schema.org","@graph":[{"@type":"WebPage","@id":"https:\/\/essj.saintjude.online\/?page_id=245","url":"https:\/\/essj.saintjude.online\/?page_id=245","name":"Portails - Enseignement Sup\u00e9rieur Saint Jude","isPartOf":{"@id":"https:\/\/essj.saintjude.online\/#website"},"datePublished":"2024-02-21T13:42:15+00:00","dateModified":"2024-06-05T07:07:10+00:00","description":"Portails essj bts, licence professionnel, mastere. Enseignement Sup\u00e9rieur Saint Jude - ESSJ \u00b7 contact.essj@saintjude.fr \u00b7 03 20 77 89 93.","breadcrumb":{"@id":"https:\/\/essj.saintjude.online\/?page_id=245#breadcrumb"},"inLanguage":"fr-FR","potentialAction":[{"@type":"ReadAction","target":["https:\/\/essj.saintjude.online\/?page_id=245"]}]},{"@type":"BreadcrumbList","@id":"https:\/\/essj.saintjude.online\/?page_id=245#breadcrumb","itemListElement":[{"@type":"ListItem","position":1,"name":"Accueil","item":"https:\/\/essj.saintjude.online\/"},{"@type":"ListItem","position":2,"name":"Portails"}]},{"@type":"WebSite","@id":"https:\/\/essj.saintjude.online\/#website","url":"https:\/\/essj.saintjude.online\/","name":"Enseignement Sup\u00e9rieur Saint Jude","description":"","publisher":{"@id":"https:\/\/essj.saintjude.online\/#organization"},"potentialAction":[{"@type":"SearchAction","target":{"@type":"EntryPoint","urlTemplate":"https:\/\/essj.saintjude.online\/?s={search_term_string}"},"query-input":{"@type":"PropertyValueSpecification","valueRequired":true,"valueName":"search_term_string"}}],"inLanguage":"fr-FR"},{"@type":"Organization","@id":"https:\/\/essj.saintjude.online\/#organization","name":"Enseignement Sup\u00e9rieur Saint Jude","url":"https:\/\/essj.saintjude.online\/","logo":{"@type":"ImageObject","inLanguage":"fr-FR","@id":"https:\/\/essj.saintjude.online\/#\/schema\/logo\/image\/","url":"https:\/\/essj.saintjude.online\/wp-content\/uploads\/2024\/01\/telechargement.png","contentUrl":"https:\/\/essj.saintjude.online\/wp-content\/uploads\/2024\/01\/telechargement.png","width":500,"height":500,"caption":"Enseignement Sup\u00e9rieur Saint Jude"},"image":{"@id":"https:\/\/essj.saintjude.online\/#\/schema\/logo\/image\/"},"sameAs":["https:\/\/www.facebook.com\/EnseignementSuperieurSaintJude.ESSJ","https:\/\/fr.linkedin.com\/company\/enseignementsuperieursaintjudeessj","https:\/\/www.instagram.com\/essjstj?igsh=eXYxZWJocTRybGFr"]}]}},"_links":{"self":[{"href":"https:\/\/essj.saintjude.online\/index.php?rest_route=\/wp\/v2\/pages\/245"}],"collection":[{"href":"https:\/\/essj.saintjude.online\/index.php?rest_route=\/wp\/v2\/pages"}],"about":[{"href":"https:\/\/essj.saintjude.online\/index.php?rest_route=\/wp\/v2\/types\/page"}],"author":[{"embeddable":true,"href":"https:\/\/essj.saintjude.online\/index.php?rest_route=\/wp\/v2\/users\/1"}],"replies":[{"embeddable":true,"href":"https:\/\/essj.saintjude.online\/index.php?rest_route=%2Fwp%2Fv2%2Fcomments&post=245"}],"version-history":[{"count":18,"href":"https:\/\/essj.saintjude.online\/index.php?rest_route=\/wp\/v2\/pages\/245\/revisions"}],"predecessor-version":[{"id":1266,"href":"https:\/\/essj.saintjude.online\/index.php?rest_route=\/wp\/v2\/pages\/245\/revisions\/1266"}],"wp:attachment":[{"href":"https:\/\/essj.saintjude.online\/index.php?rest_route=%2Fwp%2Fv2%2Fmedia&parent=245"}],"curies":[{"name":"wp","href":"https:\/\/api.w.org\/{rel}","templated":true}]}}