{"id":267,"date":"2024-02-21T13:51:01","date_gmt":"2024-02-21T13:51:01","guid":{"rendered":"https:\/\/essj.saintjude.online\/?page_id=267"},"modified":"2024-06-03T14:45:00","modified_gmt":"2024-06-03T14:45:00","slug":"nous-contacter","status":"publish","type":"page","link":"https:\/\/essj.saintjude.online\/?page_id=267","title":{"rendered":"NOUS CONTACTER"},"content":{"rendered":"\t\t<div data-elementor-type=\"wp-page\" data-elementor-id=\"267\" class=\"elementor elementor-267\" data-elementor-settings=\"{&quot;ha_cmc_init_switcher&quot;:&quot;no&quot;}\">\n\t\t\t\t<div class=\"elementor-element elementor-element-a3606cd e-flex e-con-boxed e-con e-parent\" data-id=\"a3606cd\" data-element_type=\"container\" data-settings=\"{&quot;background_background&quot;:&quot;classic&quot;,&quot;_ha_eqh_enable&quot;:false}\">\n\t\t\t\t\t<div class=\"e-con-inner\">\n\t\t<div class=\"elementor-element elementor-element-2551bfc e-con-full e-flex e-con e-child\" data-id=\"2551bfc\" data-element_type=\"container\" data-settings=\"{&quot;_ha_eqh_enable&quot;:false}\">\n\t\t\t\t<div class=\"elementor-element elementor-element-c88c774 elementor-widget elementor-widget-spacer\" data-id=\"c88c774\" data-element_type=\"widget\" data-widget_type=\"spacer.default\">\n\t\t\t\t<div class=\"elementor-widget-container\">\n\t\t\t\t\t\t\t<div class=\"elementor-spacer\">\n\t\t\t<div class=\"elementor-spacer-inner\"><\/div>\n\t\t<\/div>\n\t\t\t\t\t\t<\/div>\n\t\t\t\t<\/div>\n\t\t\t\t<\/div>\n\t\t<div class=\"elementor-element elementor-element-357774f e-con-full e-flex e-con e-child\" data-id=\"357774f\" data-element_type=\"container\" data-settings=\"{&quot;_ha_eqh_enable&quot;:false}\">\n\t\t\t\t<div class=\"elementor-element elementor-element-39aa488 elementor-widget__width-auto elementor-widget elementor-widget-html\" data-id=\"39aa488\" data-element_type=\"widget\" data-widget_type=\"html.default\">\n\t\t\t\t<div class=\"elementor-widget-container\">\n\t\t\t\t\t<!DOCTYPE html>\r\n<html lang=\"fr\">\r\n<head>\r\n    <meta charset=\"UTF-8\">\r\n    <meta name=\"viewport\" content=\"width=device-width, initial-scale=1.0\">\r\n    <title>Formulaire de Contact<\/title>\r\n    <style>\r\n        .custom-contact-form {\r\n            background-color: #f8f9fa;\r\n            padding: 20px;\r\n            border-radius: 10px;\r\n            box-shadow: 0px 0px 10px rgba(0, 0, 0, 0.1);\r\n        }\r\n\r\n        .custom-contact-form h2 {\r\n            text-align: center;\r\n            margin-bottom: 20px;\r\n        }\r\n\r\n        .custom-contact-form .form-group {\r\n            margin-bottom: 20px;\r\n        }\r\n\r\n        .custom-contact-form label {\r\n            font-weight: bold;\r\n        }\r\n\r\n        .custom-contact-form input[type=\"text\"],\r\n        .custom-contact-form input[type=\"email\"],\r\n        .custom-contact-form textarea {\r\n            width: 100%;\r\n            padding: 10px;\r\n            border: 1px solid #ccc;\r\n            border-radius: 5px;\r\n            box-sizing: border-box;\r\n        }\r\n\r\n        .custom-contact-form input[type=\"submit\"] {\r\n            background-color: #ffde59; \/* Couleur du bouton *\/\r\n            color: #333; \/* Couleur du texte du bouton *\/\r\n            padding: 12px 20px;\r\n            border: none;\r\n            border-radius: 4px;\r\n            cursor: pointer;\r\n            width: 100%;\r\n            font-size: 16px;\r\n        }\r\n\r\n        .custom-contact-form input[type=\"submit\"]:hover {\r\n            background-color: #ff914d; \/* Couleur du bouton au survol *\/\r\n            color: #fff; \/* Couleur du texte du bouton au survol *\/\r\n        }\r\n    <\/style>\r\n<\/head>\r\n<body>\r\n    <div class=\"custom-contact-form\">\r\n        <h2>Contactez-nous !<\/h4>\r\n        <h5>A l'ESSJ, les visiteurs sont toujours les bienvenus.\r\nN'h\u00e9sitez pas \u00e0 nous contacter pour toutes questions sur nos offres de formations. <\/h5>\r\n        <form action=\"\/votre-url-de-formulaire-de-contact\" method=\"post\">\r\n            <div class=\"form-group\">\r\n                <label for=\"nom\">Nom :<\/label><br>\r\n                <input type=\"text\" id=\"nom\" name=\"nom\" class=\"form-control\" required>\r\n            <\/div>\r\n            <div class=\"form-group\">\r\n                <label for=\"prenom\">Pr\u00e9nom :<\/label><br>\r\n                <input type=\"text\" id=\"prenom\" name=\"prenom\" class=\"form-control\" required>\r\n            <\/div>\r\n            <div class=\"form-group\">\r\n                <label for=\"email\">Email :<\/label><br>\r\n                <input type=\"email\" id=\"email\" name=\"email\" class=\"form-control\" required>\r\n            <\/div>\r\n            <div class=\"form-group\">\r\n                <label for=\"objet\">Objet :<\/label><br>\r\n                <input type=\"text\" id=\"objet\" name=\"objet\" class=\"form-control\" required>\r\n            <\/div>\r\n            <div class=\"form-group\">\r\n                <label for=\"message\">Votre Message :<\/label><br>\r\n                <textarea id=\"message\" name=\"message\" class=\"form-control\" rows=\"4\" required><\/textarea>\r\n            <\/div>\r\n            <div class=\"form-group\">\r\n                <input type=\"submit\" class=\"btn btn-primary\" value=\"Envoyer\">\r\n            <\/div>\r\n        <\/form>\r\n    <\/div>\r\n<\/body>\r\n<\/html>\r\n\t\t\t\t<\/div>\n\t\t\t\t<\/div>\n\t\t\t\t<\/div>\n\t\t<div class=\"elementor-element elementor-element-22143b2 e-con-full e-flex e-con e-child\" data-id=\"22143b2\" data-element_type=\"container\" data-settings=\"{&quot;_ha_eqh_enable&quot;:false}\">\n\t\t\t\t<div class=\"elementor-element elementor-element-1cd0844 elementor-widget elementor-widget-spacer\" data-id=\"1cd0844\" data-element_type=\"widget\" data-widget_type=\"spacer.default\">\n\t\t\t\t<div class=\"elementor-widget-container\">\n\t\t\t\t\t\t\t<div class=\"elementor-spacer\">\n\t\t\t<div class=\"elementor-spacer-inner\"><\/div>\n\t\t<\/div>\n\t\t\t\t\t\t<\/div>\n\t\t\t\t<\/div>\n\t\t\t\t<\/div>\n\t\t\t\t\t<\/div>\n\t\t\t\t<\/div>\n\t\t<div class=\"elementor-element elementor-element-47c2426 e-flex e-con-boxed e-con e-parent\" data-id=\"47c2426\" data-element_type=\"container\" data-settings=\"{&quot;_ha_eqh_enable&quot;:false}\">\n\t\t\t\t\t<div class=\"e-con-inner\">\n\t\t<div class=\"elementor-element elementor-element-10e4539 e-con-full e-flex e-con e-child\" data-id=\"10e4539\" data-element_type=\"container\" data-settings=\"{&quot;_ha_eqh_enable&quot;:false}\">\n\t\t<div class=\"elementor-element elementor-element-3850996 e-flex e-con-boxed e-con e-child\" data-id=\"3850996\" data-element_type=\"container\" data-settings=\"{&quot;background_background&quot;:&quot;classic&quot;,&quot;_ha_eqh_enable&quot;:false}\">\n\t\t\t\t\t<div class=\"e-con-inner\">\n\t\t\t\t<div class=\"elementor-element elementor-element-ce9ab33 elementor-widget elementor-widget-text-editor\" data-id=\"ce9ab33\" data-element_type=\"widget\" data-widget_type=\"text-editor.default\">\n\t\t\t\t<div class=\"elementor-widget-container\">\n\t\t\t\t\t\t\t\t\t<p><span class=\"OYPEnA text-decoration-none text-strikethrough-none\">Nous sommes situ\u00e9s \u00e0 5 minutes \u00e0 pied de la gare (Lille &#8211; Armenti\u00e8res : 13 minutes en train, Hazebrouck &#8211; Armenti\u00e8res : 18 minutes en train),<\/span><\/p><p><span class=\"OYPEnA text-decoration-none text-strikethrough-none\">l&rsquo;ESSJ est en centre ville et est bien desservi par les bus.<\/span><\/p>\t\t\t\t\t\t\t\t<\/div>\n\t\t\t\t<\/div>\n\t\t\t\t<div class=\"elementor-element elementor-element-28a3fac elementor-view-stacked elementor-shape-circle elementor-widget elementor-widget-icon\" data-id=\"28a3fac\" data-element_type=\"widget\" data-widget_type=\"icon.default\">\n\t\t\t\t<div class=\"elementor-widget-container\">\n\t\t\t\t\t\t\t<div class=\"elementor-icon-wrapper\">\n\t\t\t<div class=\"elementor-icon\">\n\t\t\t<svg aria-hidden=\"true\" class=\"e-font-icon-svg e-far-comments\" viewBox=\"0 0 576 512\" xmlns=\"http:\/\/www.w3.org\/2000\/svg\"><path d=\"M532 386.2c27.5-27.1 44-61.1 44-98.2 0-80-76.5-146.1-176.2-157.9C368.3 72.5 294.3 32 208 32 93.1 32 0 103.6 0 192c0 37 16.5 71 44 98.2-15.3 30.7-37.3 54.5-37.7 54.9-6.3 6.7-8.1 16.5-4.4 25 3.6 8.5 12 14 21.2 14 53.5 0 96.7-20.2 125.2-38.8 9.2 2.1 18.7 3.7 28.4 4.9C208.1 407.6 281.8 448 368 448c20.8 0 40.8-2.4 59.8-6.8C456.3 459.7 499.4 480 553 480c9.2 0 17.5-5.5 21.2-14 3.6-8.5 1.9-18.3-4.4-25-.4-.3-22.5-24.1-37.8-54.8zm-392.8-92.3L122.1 305c-14.1 9.1-28.5 16.3-43.1 21.4 2.7-4.7 5.4-9.7 8-14.8l15.5-31.1L77.7 256C64.2 242.6 48 220.7 48 192c0-60.7 73.3-112 160-112s160 51.3 160 112-73.3 112-160 112c-16.5 0-33-1.9-49-5.6l-19.8-4.5zM498.3 352l-24.7 24.4 15.5 31.1c2.6 5.1 5.3 10.1 8 14.8-14.6-5.1-29-12.3-43.1-21.4l-17.1-11.1-19.9 4.6c-16 3.7-32.5 5.6-49 5.6-54 0-102.2-20.1-131.3-49.7C338 339.5 416 272.9 416 192c0-3.4-.4-6.7-.7-10C479.7 196.5 528 238.8 528 288c0 28.7-16.2 50.6-29.7 64z\"><\/path><\/svg>\t\t\t<\/div>\n\t\t<\/div>\n\t\t\t\t\t\t<\/div>\n\t\t\t\t<\/div>\n\t\t\t\t<div class=\"elementor-element elementor-element-34610f7 elementor-widget elementor-widget-text-editor\" data-id=\"34610f7\" data-element_type=\"widget\" data-widget_type=\"text-editor.default\">\n\t\t\t\t<div class=\"elementor-widget-container\">\n\t\t\t\t\t\t\t\t\t<p class=\"cvGsUA direction-ltr align-center para-style-body\" style=\"text-align: center;\"><strong><span class=\"OYPEnA text-decoration-none text-strikethrough-none\">16 ter rue Lamartine 59280 Armenti\u00e8res<\/span><\/strong><\/p><p class=\"cvGsUA direction-ltr align-center para-style-body\" style=\"text-align: center;\"><strong><span class=\"OYPEnA text-decoration-none text-strikethrough-none\">contact.essj@saintjude.fr<\/span><\/strong><\/p><p class=\"cvGsUA direction-ltr align-center para-style-body\" style=\"text-align: center;\"><strong><span class=\"OYPEnA text-decoration-none text-strikethrough-none\">03 20 77 89 93<\/span><\/strong><\/p>\t\t\t\t\t\t\t\t<\/div>\n\t\t\t\t<\/div>\n\t\t\t\t\t<\/div>\n\t\t\t\t<\/div>\n\t\t\t\t<\/div>\n\t\t<div class=\"elementor-element elementor-element-234dd6e e-con-full e-flex e-con e-child\" data-id=\"234dd6e\" data-element_type=\"container\" data-settings=\"{&quot;_ha_eqh_enable&quot;:false}\">\n\t\t<div class=\"elementor-element elementor-element-f8afbd7 e-flex e-con-boxed e-con e-child\" data-id=\"f8afbd7\" data-element_type=\"container\" data-settings=\"{&quot;_ha_eqh_enable&quot;:false}\">\n\t\t\t\t\t<div class=\"e-con-inner\">\n\t\t\t\t<div class=\"elementor-element elementor-element-913ffa3 elementor-widget__width-initial elementor-widget elementor-widget-google_maps\" data-id=\"913ffa3\" data-element_type=\"widget\" data-widget_type=\"google_maps.default\">\n\t\t\t\t<div class=\"elementor-widget-container\">\n\t\t\t\t\t\t\t<div class=\"elementor-custom-embed\">\n\t\t\t<iframe loading=\"lazy\"\n\t\t\t\t\tsrc=\"https:\/\/maps.google.com\/maps?q=16%20ter%20rue%20Lamartine%2059280%20Armenti%C3%A8res&#038;t=m&#038;z=10&#038;output=embed&#038;iwloc=near\"\n\t\t\t\t\ttitle=\"16 ter rue Lamartine 59280 Armenti\u00e8res\"\n\t\t\t\t\taria-label=\"16 ter rue Lamartine 59280 Armenti\u00e8res\"\n\t\t\t><\/iframe>\n\t\t<\/div>\n\t\t\t\t\t\t<\/div>\n\t\t\t\t<\/div>\n\t\t\t\t<div class=\"elementor-element elementor-element-92fc314 elementor-widget elementor-widget-spacer\" data-id=\"92fc314\" data-element_type=\"widget\" data-widget_type=\"spacer.default\">\n\t\t\t\t<div class=\"elementor-widget-container\">\n\t\t\t\t\t\t\t<div class=\"elementor-spacer\">\n\t\t\t<div class=\"elementor-spacer-inner\"><\/div>\n\t\t<\/div>\n\t\t\t\t\t\t<\/div>\n\t\t\t\t<\/div>\n\t\t\t\t\t<\/div>\n\t\t\t\t<\/div>\n\t\t\t\t<\/div>\n\t\t\t\t\t<\/div>\n\t\t\t\t<\/div>\n\t\t\t\t<\/div>\n\t\t","protected":false},"excerpt":{"rendered":"<p>Formulaire de Contact Contactez-nous ! A l&rsquo;ESSJ, les visiteurs sont toujours les bienvenus. N&rsquo;h\u00e9sitez pas \u00e0 nous contacter pour toutes questions sur nos offres de formations. Nom : Pr\u00e9nom : Email : Objet : Votre Message : Nous sommes situ\u00e9s \u00e0 5 minutes \u00e0 pied de la gare (Lille &#8211; Armenti\u00e8res : 13 minutes en&hellip;&nbsp;<a href=\"https:\/\/essj.saintjude.online\/?page_id=267\" class=\"\" rel=\"bookmark\">Lire la suite &raquo;<span class=\"screen-reader-text\">NOUS CONTACTER<\/span><\/a><\/p>\n","protected":false},"author":1,"featured_media":0,"parent":0,"menu_order":0,"comment_status":"closed","ping_status":"closed","template":"page-templates\/template-pagebuilder-full-width.php","meta":{"neve_meta_sidebar":"","neve_meta_container":"","neve_meta_enable_content_width":"","neve_meta_content_width":0,"neve_meta_title_alignment":"","neve_meta_author_avatar":"","neve_post_elements_order":"","neve_meta_disable_header":"","neve_meta_disable_footer":"","neve_meta_disable_title":"","footnotes":""},"yoast_head":"<!-- This site is optimized with the Yoast SEO plugin v24.5 - https:\/\/yoast.com\/wordpress\/plugins\/seo\/ -->\n<title>NOUS CONTACTER - Enseignement Sup\u00e9rieur Saint Jude<\/title>\n<meta name=\"description\" content=\"NOUS CONTACTER. A l&#039;ESSJ, n&#039;h\u00e9sitez pas \u00e0 nous contacter pour toutes questions sur nos offres de formations.\" \/>\n<meta name=\"robots\" content=\"index, follow, max-snippet:-1, max-image-preview:large, max-video-preview:-1\" \/>\n<link rel=\"canonical\" href=\"https:\/\/essj.saintjude.online\/?page_id=267\" \/>\n<meta property=\"og:locale\" content=\"fr_FR\" \/>\n<meta property=\"og:type\" content=\"article\" \/>\n<meta property=\"og:title\" content=\"NOUS CONTACTER - Enseignement Sup\u00e9rieur Saint Jude\" \/>\n<meta property=\"og:description\" content=\"NOUS CONTACTER. A l&#039;ESSJ, n&#039;h\u00e9sitez pas \u00e0 nous contacter pour toutes questions sur nos offres de formations.\" \/>\n<meta property=\"og:url\" content=\"https:\/\/essj.saintjude.online\/?page_id=267\" \/>\n<meta property=\"og:site_name\" content=\"Enseignement Sup\u00e9rieur Saint Jude\" \/>\n<meta property=\"article:publisher\" content=\"https:\/\/www.facebook.com\/EnseignementSuperieurSaintJude.ESSJ\" \/>\n<meta property=\"article:modified_time\" content=\"2024-06-03T14:45:00+00:00\" \/>\n<meta name=\"twitter:card\" content=\"summary_large_image\" \/>\n<meta name=\"twitter:label1\" content=\"Dur\u00e9e de lecture estim\u00e9e\" \/>\n\t<meta name=\"twitter:data1\" content=\"1 minute\" \/>\n<script type=\"application\/ld+json\" class=\"yoast-schema-graph\">{\"@context\":\"https:\/\/schema.org\",\"@graph\":[{\"@type\":\"WebPage\",\"@id\":\"https:\/\/essj.saintjude.online\/?page_id=267\",\"url\":\"https:\/\/essj.saintjude.online\/?page_id=267\",\"name\":\"NOUS CONTACTER - Enseignement Sup\u00e9rieur Saint Jude\",\"isPartOf\":{\"@id\":\"https:\/\/essj.saintjude.online\/#website\"},\"datePublished\":\"2024-02-21T13:51:01+00:00\",\"dateModified\":\"2024-06-03T14:45:00+00:00\",\"description\":\"NOUS CONTACTER. A l'ESSJ, n'h\u00e9sitez pas \u00e0 nous contacter pour toutes questions sur nos offres de formations.\",\"breadcrumb\":{\"@id\":\"https:\/\/essj.saintjude.online\/?page_id=267#breadcrumb\"},\"inLanguage\":\"fr-FR\",\"potentialAction\":[{\"@type\":\"ReadAction\",\"target\":[\"https:\/\/essj.saintjude.online\/?page_id=267\"]}]},{\"@type\":\"BreadcrumbList\",\"@id\":\"https:\/\/essj.saintjude.online\/?page_id=267#breadcrumb\",\"itemListElement\":[{\"@type\":\"ListItem\",\"position\":1,\"name\":\"Accueil\",\"item\":\"https:\/\/essj.saintjude.online\/\"},{\"@type\":\"ListItem\",\"position\":2,\"name\":\"NOUS CONTACTER\"}]},{\"@type\":\"WebSite\",\"@id\":\"https:\/\/essj.saintjude.online\/#website\",\"url\":\"https:\/\/essj.saintjude.online\/\",\"name\":\"Enseignement Sup\u00e9rieur Saint Jude\",\"description\":\"\",\"publisher\":{\"@id\":\"https:\/\/essj.saintjude.online\/#organization\"},\"potentialAction\":[{\"@type\":\"SearchAction\",\"target\":{\"@type\":\"EntryPoint\",\"urlTemplate\":\"https:\/\/essj.saintjude.online\/?s={search_term_string}\"},\"query-input\":{\"@type\":\"PropertyValueSpecification\",\"valueRequired\":true,\"valueName\":\"search_term_string\"}}],\"inLanguage\":\"fr-FR\"},{\"@type\":\"Organization\",\"@id\":\"https:\/\/essj.saintjude.online\/#organization\",\"name\":\"Enseignement Sup\u00e9rieur Saint Jude\",\"url\":\"https:\/\/essj.saintjude.online\/\",\"logo\":{\"@type\":\"ImageObject\",\"inLanguage\":\"fr-FR\",\"@id\":\"https:\/\/essj.saintjude.online\/#\/schema\/logo\/image\/\",\"url\":\"https:\/\/essj.saintjude.online\/wp-content\/uploads\/2024\/01\/telechargement.png\",\"contentUrl\":\"https:\/\/essj.saintjude.online\/wp-content\/uploads\/2024\/01\/telechargement.png\",\"width\":500,\"height\":500,\"caption\":\"Enseignement Sup\u00e9rieur Saint Jude\"},\"image\":{\"@id\":\"https:\/\/essj.saintjude.online\/#\/schema\/logo\/image\/\"},\"sameAs\":[\"https:\/\/www.facebook.com\/EnseignementSuperieurSaintJude.ESSJ\",\"https:\/\/fr.linkedin.com\/company\/enseignementsuperieursaintjudeessj\",\"https:\/\/www.instagram.com\/essjstj?igsh=eXYxZWJocTRybGFr\"]}]}<\/script>\n<!-- \/ Yoast SEO plugin. -->","yoast_head_json":{"title":"NOUS CONTACTER - Enseignement Sup\u00e9rieur Saint Jude","description":"NOUS CONTACTER. A l'ESSJ, n'h\u00e9sitez pas \u00e0 nous contacter pour toutes questions sur nos offres de formations.","robots":{"index":"index","follow":"follow","max-snippet":"max-snippet:-1","max-image-preview":"max-image-preview:large","max-video-preview":"max-video-preview:-1"},"canonical":"https:\/\/essj.saintjude.online\/?page_id=267","og_locale":"fr_FR","og_type":"article","og_title":"NOUS CONTACTER - Enseignement Sup\u00e9rieur Saint Jude","og_description":"NOUS CONTACTER. A l'ESSJ, n'h\u00e9sitez pas \u00e0 nous contacter pour toutes questions sur nos offres de formations.","og_url":"https:\/\/essj.saintjude.online\/?page_id=267","og_site_name":"Enseignement Sup\u00e9rieur Saint Jude","article_publisher":"https:\/\/www.facebook.com\/EnseignementSuperieurSaintJude.ESSJ","article_modified_time":"2024-06-03T14:45:00+00:00","twitter_card":"summary_large_image","twitter_misc":{"Dur\u00e9e de lecture estim\u00e9e":"1 minute"},"schema":{"@context":"https:\/\/schema.org","@graph":[{"@type":"WebPage","@id":"https:\/\/essj.saintjude.online\/?page_id=267","url":"https:\/\/essj.saintjude.online\/?page_id=267","name":"NOUS CONTACTER - Enseignement Sup\u00e9rieur Saint Jude","isPartOf":{"@id":"https:\/\/essj.saintjude.online\/#website"},"datePublished":"2024-02-21T13:51:01+00:00","dateModified":"2024-06-03T14:45:00+00:00","description":"NOUS CONTACTER. A l'ESSJ, n'h\u00e9sitez pas \u00e0 nous contacter pour toutes questions sur nos offres de formations.","breadcrumb":{"@id":"https:\/\/essj.saintjude.online\/?page_id=267#breadcrumb"},"inLanguage":"fr-FR","potentialAction":[{"@type":"ReadAction","target":["https:\/\/essj.saintjude.online\/?page_id=267"]}]},{"@type":"BreadcrumbList","@id":"https:\/\/essj.saintjude.online\/?page_id=267#breadcrumb","itemListElement":[{"@type":"ListItem","position":1,"name":"Accueil","item":"https:\/\/essj.saintjude.online\/"},{"@type":"ListItem","position":2,"name":"NOUS CONTACTER"}]},{"@type":"WebSite","@id":"https:\/\/essj.saintjude.online\/#website","url":"https:\/\/essj.saintjude.online\/","name":"Enseignement Sup\u00e9rieur Saint Jude","description":"","publisher":{"@id":"https:\/\/essj.saintjude.online\/#organization"},"potentialAction":[{"@type":"SearchAction","target":{"@type":"EntryPoint","urlTemplate":"https:\/\/essj.saintjude.online\/?s={search_term_string}"},"query-input":{"@type":"PropertyValueSpecification","valueRequired":true,"valueName":"search_term_string"}}],"inLanguage":"fr-FR"},{"@type":"Organization","@id":"https:\/\/essj.saintjude.online\/#organization","name":"Enseignement Sup\u00e9rieur Saint Jude","url":"https:\/\/essj.saintjude.online\/","logo":{"@type":"ImageObject","inLanguage":"fr-FR","@id":"https:\/\/essj.saintjude.online\/#\/schema\/logo\/image\/","url":"https:\/\/essj.saintjude.online\/wp-content\/uploads\/2024\/01\/telechargement.png","contentUrl":"https:\/\/essj.saintjude.online\/wp-content\/uploads\/2024\/01\/telechargement.png","width":500,"height":500,"caption":"Enseignement Sup\u00e9rieur Saint Jude"},"image":{"@id":"https:\/\/essj.saintjude.online\/#\/schema\/logo\/image\/"},"sameAs":["https:\/\/www.facebook.com\/EnseignementSuperieurSaintJude.ESSJ","https:\/\/fr.linkedin.com\/company\/enseignementsuperieursaintjudeessj","https:\/\/www.instagram.com\/essjstj?igsh=eXYxZWJocTRybGFr"]}]}},"_links":{"self":[{"href":"https:\/\/essj.saintjude.online\/index.php?rest_route=\/wp\/v2\/pages\/267"}],"collection":[{"href":"https:\/\/essj.saintjude.online\/index.php?rest_route=\/wp\/v2\/pages"}],"about":[{"href":"https:\/\/essj.saintjude.online\/index.php?rest_route=\/wp\/v2\/types\/page"}],"author":[{"embeddable":true,"href":"https:\/\/essj.saintjude.online\/index.php?rest_route=\/wp\/v2\/users\/1"}],"replies":[{"embeddable":true,"href":"https:\/\/essj.saintjude.online\/index.php?rest_route=%2Fwp%2Fv2%2Fcomments&post=267"}],"version-history":[{"count":20,"href":"https:\/\/essj.saintjude.online\/index.php?rest_route=\/wp\/v2\/pages\/267\/revisions"}],"predecessor-version":[{"id":1176,"href":"https:\/\/essj.saintjude.online\/index.php?rest_route=\/wp\/v2\/pages\/267\/revisions\/1176"}],"wp:attachment":[{"href":"https:\/\/essj.saintjude.online\/index.php?rest_route=%2Fwp%2Fv2%2Fmedia&parent=267"}],"curies":[{"name":"wp","href":"https:\/\/api.w.org\/{rel}","templated":true}]}}